{"id":223531,"date":"2025-12-22T14:44:48","date_gmt":"2025-12-22T13:44:48","guid":{"rendered":"https:\/\/www.astriis.com\/contact-us\/"},"modified":"2026-03-24T11:46:52","modified_gmt":"2026-03-24T10:46:52","slug":"contact-us","status":"publish","type":"page","link":"https:\/\/www.astriis.com\/en\/contact-us\/","title":{"rendered":"Contact us"},"content":{"rendered":"<div class=\"et_pb_section_0 et_pb_section et_section_regular et_block_section preset--module--divi-section--81ba546c-dd92-4145-ab21-28dbff855d2a\">\n<div class=\"et_pb_row_0 et_pb_row et_block_row\">\n<div class=\"et_pb_column_0 et_pb_column et_pb_column_1_2 et_block_column et_pb_css_mix_blend_mode_passthrough\">\n<div class=\"et_pb_image_0 et_pb_image et_pb_module et_block_module preset--module--divi-image--b95b5fcd-6fe3-4627-a3db-d8f82a3bc917\"><span class=\"et_pb_image_wrap\"><img loading=\"lazy\" decoding=\"async\" src=\"https:\/\/www.astriis.com\/wp-content\/uploads\/2026\/01\/Astriis-074.jpeg\" width=\"1920\" height=\"1281\" srcset=\"https:\/\/www.astriis.com\/wp-content\/uploads\/2026\/01\/Astriis-074.jpeg 1920w, https:\/\/www.astriis.com\/wp-content\/uploads\/2026\/01\/Astriis-074-1280x854.jpeg 1280w, https:\/\/www.astriis.com\/wp-content\/uploads\/2026\/01\/Astriis-074-980x654.jpeg 980w, https:\/\/www.astriis.com\/wp-content\/uploads\/2026\/01\/Astriis-074-480x320.jpeg 480w\" sizes=\"(min-width: 0px) and (max-width: 480px) 480px, (min-width: 481px) and (max-width: 980px) 980px, (min-width: 981px) and (max-width: 1280px) 1280px, (min-width: 1281px) 1920px, 100vw\" class=\"wp-image-222858\" title=\"renewable-energy-13\" \/><\/span><\/div>\n<\/div>\n\n<div class=\"et_pb_column_1 et_pb_column et_pb_column_1_2 et-last-child et_block_column et_pb_css_mix_blend_mode_passthrough\">\n<div class=\"et_pb_heading_0 et_pb_heading et_pb_module et_block_module preset--module--divi-heading--c1253fe8-602a-4752-89bc-148a73740ac6\"><div class=\"et_pb_heading_container\"><h1 class=\"et_pb_module_header\">Contact us<\/h1><\/div><\/div>\n\n<div class=\"et_pb_text_0 et_pb_text et_pb_bg_layout_light et_pb_module et_block_module preset--module--divi-text--63c65a39-cd73-47c1-8fae-3feab7b7eb9e\"><div class=\"et_pb_text_inner\"><p>Contact us about anything related to our company or services.<br \/>\nWe'll do our best to get back to you as soon as possible.<\/p>\n<\/div><\/div>\n\n<div class=\"et_pb_module et_pb_button_module_wrapper et_pb_button_0_wrapper preset--module--divi-button--eface43c-e8c6-49b5-a352-7de4ef52964b_wrapper preset--module--divi-button--69494b4c589cc_wrapper\"><a class=\"et_pb_button_0 et_pb_button et_pb_bg_layout_light et_pb_module et_block_module preset--module--divi-button--eface43c-e8c6-49b5-a352-7de4ef52964b preset--module--divi-button--69494b4c589cc\" href=\"#1\">Discover<\/a><\/div>\n<\/div>\n<\/div>\n<\/div>\n\n<div class=\"et_pb_section_1 et_pb_section et_section_regular et_block_section\" id=\"1\">\n<div class=\"et_pb_row_1 et_pb_row et_pb_equal_columns et_block_row\">\n<div class=\"et_pb_column_2 et_pb_column et_pb_column_3_5 et_block_column et_pb_css_mix_blend_mode_passthrough\">\n<div class=\"et_pb_contact_form_0 et_pb_contact_form_container clearfix et_pb_module et_flex_module preset--module--divi-contact-form--default\" data-form_unique_num=\"0\" data-form_unique_id=\"2e6ab37d-6f12-471b-a5a1-eb75dad74421\" id=\"et_pb_contact_form_2e6ab37d-6f12-471b-a5a1-eb75dad74421\"><h3 class=\"et_pb_contact_main_title\">Contact form<\/h3><div class=\"et-pb-contact-message\"><\/div><div class=\"et_pb_contact\"><form class=\"et_pb_contact_form et_flex_module\" method=\"post\" action=\"https:\/\/www.astriis.com\/en\/wp-json\/wp\/v2\/pages\/223531\">\n<div class=\"et_pb_contact_field_0 et_pb_contact_field et_pb_module et_block_module et_flex_column_12_24 et_flex_column_12_24_tablet et_flex_column_12_24_phone\" data-id=\"nom\" data-type=\"input\"><label class=\"et_pb_contact_form_label\" for=\"et_pb_contact_0_nom_0\">Name *<\/label><input type=\"text\" name=\"et_pb_contact_0_nom_0\" id=\"et_pb_contact_0_nom_0\" class=\"input\" data-required_mark=\"required\" data-field_type=\"input\" data-original_id=\"nom\" placeholder=\"Name *\" title=\"\" value=\"\" \/><\/div>\n\n<div class=\"et_pb_contact_field_1 et_pb_contact_field et_pb_module et_block_module et_flex_column_12_24 et_flex_column_12_24_tablet et_flex_column_12_24_phone\" data-id=\"soci\u00e9t\u00e9_2\" data-type=\"input\"><label class=\"et_pb_contact_form_label\" for=\"et_pb_contact_0_soci\u00e9t\u00e9_2_1\">Company*<\/label><input type=\"text\" name=\"et_pb_contact_0_soci\u00e9t\u00e9_2_1\" id=\"et_pb_contact_0_soci\u00e9t\u00e9_2_1\" class=\"input\" data-required_mark=\"required\" data-field_type=\"input\" data-original_id=\"soci\u00e9t\u00e9_2\" placeholder=\"Company*\" title=\"\" value=\"\" \/><\/div>\n\n<div class=\"et_pb_contact_field_2 et_pb_contact_field et_pb_module et_block_module et_flex_column_12_24 et_flex_column_12_24_tablet et_flex_column_12_24_phone\" data-id=\"tel\" data-type=\"input\"><label class=\"et_pb_contact_form_label\" for=\"et_pb_contact_0_tel_2\">Phone Number* <\/label><input type=\"text\" name=\"et_pb_contact_0_tel_2\" id=\"et_pb_contact_0_tel_2\" class=\"input\" data-required_mark=\"required\" data-field_type=\"input\" data-original_id=\"tel\" placeholder=\"Phone Number* \" title=\"\" value=\"\" \/><\/div>\n\n<div class=\"et_pb_contact_field_3 et_pb_contact_field et_pb_module et_flex_module et_flex_column_12_24 et_flex_column_12_24_tablet et_flex_column_12_24_phone\" data-id=\"email\" data-type=\"email\"><label class=\"et_pb_contact_form_label\" for=\"et_pb_contact_0_email_3\">Email* <\/label><input type=\"text\" name=\"et_pb_contact_0_email_3\" id=\"et_pb_contact_0_email_3\" class=\"input\" data-required_mark=\"required\" data-field_type=\"email\" data-original_id=\"email\" placeholder=\"Email* \" title=\"\" value=\"\" \/><\/div>\n\n<div class=\"et_pb_contact_field_4 et_pb_contact_field et_pb_module et_flex_module et_flex_column_24_24 et_flex_column_24_24_tablet et_flex_column_24_24_phone\" data-id=\"message\" data-type=\"text\"><label class=\"et_pb_contact_form_label\" for=\"et_pb_contact_0_message_4\">Your message<\/label><textarea name=\"et_pb_contact_0_message_4\" id=\"et_pb_contact_0_message_4\" class=\"et_pb_contact_message input\" data-required_mark=\"required\" data-field_type=\"text\" data-original_id=\"message\" placeholder=\"Your message\"><\/textarea><\/div>\n\n<div class=\"et_pb_contact_field_5 et_pb_contact_field et_pb_module et_flex_module et_flex_column_24_24 et_flex_column_24_24_tablet et_flex_column_24_24_phone\" data-id=\"rgpd\" data-type=\"checkbox\"><input type=\"hidden\" name=\"et_pb_contact_0_rgpd_5\" class=\"et_pb_checkbox_handle\" data-required_mark=\"required\" data-field_type=\"checkbox\" data-original_id=\"rgpd\" \/><span class=\"et_pb_contact_field_options_wrapper\"><span class=\"et_pb_contact_field_options_title\"><\/span><span class=\"et_pb_contact_field_options_list\"><span class=\"et_pb_contact_field_checkbox\"><input type=\"checkbox\" id=\"et_pb_contact_0_rgpd_5_0\" class=\"input\" value=\"En soumettant ce formulaire j&#039;accepte que les informations saisies soient exploit\u00e9es dans le cadre de la relation commerciale qui peut en d\u00e9couler. Les donn\u00e9es collect\u00e9es par ASTRIIS sont soumises au RGPD.\" data-required_mark=\"required\" data-field_type=\"checkbox\" data-original_id=\"rgpd\" \/><label for=\"et_pb_contact_0_rgpd_5_0\"><i><\/i>En soumettant ce formulaire j'accepte que les informations saisies soient exploit\u00e9es dans le cadre de la relation commerciale qui peut en d\u00e9couler. Les donn\u00e9es collect\u00e9es par ASTRIIS sont soumises au RGPD.<\/label><\/span><\/span><\/span><\/div>\n<input type=\"hidden\" name=\"et_pb_contactform_submit_2e6ab37d-6f12-471b-a5a1-eb75dad74421\" value=\"et_contact_proccess\" \/><div class=\"et_contact_bottom_container\"><div class=\"et_pb_button_wrapper\"><button type=\"submit\" name=\"et_builder_submit_button\" class=\"et_pb_button et_pb_contact_submit\">Send<\/button><\/div><\/div><input type=\"hidden\" id=\"_wpnonce-et-pb-contact-form-submitted-2e6ab37d-6f12-471b-a5a1-eb75dad74421\" name=\"_wpnonce-et-pb-contact-form-submitted-2e6ab37d-6f12-471b-a5a1-eb75dad74421\" value=\"189ff1e61a\" \/><input type=\"hidden\" name=\"_wp_http_referer\" value=\"\/en\/wp-json\/wp\/v2\/pages\/223531\" \/><\/form><\/div><\/div>\n<\/div>\n\n<div class=\"et_pb_column_3 et_pb_column et_pb_column_2_5 et-last-child et_block_column et_pb_css_mix_blend_mode_passthrough preset--module--divi-column--f3d11fc7-0a26-4494-9763-fa4f8f3c12f7\">\n<div class=\"et_pb_heading_1 et_pb_heading et_pb_module et_block_module preset--module--divi-heading--ade78d2b-645a-456a-8958-cc9544e046f1\"><div class=\"et_pb_heading_container\"><h4 class=\"et_pb_module_header\">Customer service<\/h4><\/div><\/div>\n\n<div class=\"et_pb_blurb_0 et_pb_blurb et_pb_bg_layout_light et_pb_blurb_position_left et_pb_module et_block_module preset--module--divi-blurb--5f202e9d-99e3-46a5-bfae-5f6507520796\"><div class=\"et_pb_blurb_content\"><div class=\"et_pb_main_blurb_image\"><span class=\"et_pb_image_wrap\"><span class=\"et-pb-icon\">\ue081<\/span><\/span><\/div><div class=\"et_pb_blurb_container\"><h4 class=\"et_pb_module_header\">Address<\/h4><div class=\"et_pb_blurb_description\"><p><span>Village by CA,<\/span><br \/><span>5 place Nelson Mandela<\/span><br \/><span>38000 Grenoble<\/span><\/p>\n<\/div><\/div><\/div><\/div>\n\n<div class=\"et_pb_blurb_1 et_pb_blurb et_pb_bg_layout_light et_pb_blurb_position_left et_pb_module et_block_module preset--module--divi-blurb--5f202e9d-99e3-46a5-bfae-5f6507520796\"><div class=\"et_pb_blurb_content\"><div class=\"et_pb_main_blurb_image\"><span class=\"et_pb_image_wrap\"><span class=\"et-pb-icon\">\uf879<\/span><\/span><\/div><div class=\"et_pb_blurb_container\"><h4 class=\"et_pb_module_header\">Phone<\/h4><div class=\"et_pb_blurb_description\"><p><span>+33 (0)4 58 00 83 53<\/span><\/p>\n<\/div><\/div><\/div><\/div>\n\n<div class=\"et_pb_blurb_2 et_pb_blurb et_pb_bg_layout_light et_pb_blurb_position_left et_pb_module et_block_module preset--module--divi-blurb--5f202e9d-99e3-46a5-bfae-5f6507520796\"><div class=\"et_pb_blurb_content\"><div class=\"et_pb_main_blurb_image\"><span class=\"et_pb_image_wrap\"><span class=\"et-pb-icon\">\ue076<\/span><\/span><\/div><div class=\"et_pb_blurb_container\"><h4 class=\"et_pb_module_header\">Email<\/h4><div class=\"et_pb_blurb_description\"><p><span>contact@astriis.com<\/span><\/p>\n<\/div><\/div><\/div><\/div>\n<\/div>\n<\/div>\n<\/div>","protected":false},"excerpt":{"rendered":"<p>Contact us about anything related to our company or services.<br \/>\nWe&#8217;ll do our best to get back to you as soon as possible.<\/p>\n","protected":false},"author":1,"featured_media":223521,"parent":0,"menu_order":0,"comment_status":"closed","ping_status":"closed","template":"","meta":{"_et_pb_use_builder":"on","_et_pb_old_content":"","_et_gb_content_width":"","inline_featured_image":false,"footnotes":""},"class_list":["post-223531","page","type-page","status-publish","has-post-thumbnail","hentry"],"_links":{"self":[{"href":"https:\/\/www.astriis.com\/en\/wp-json\/wp\/v2\/pages\/223531","targetHints":{"allow":["GET"]}}],"collection":[{"href":"https:\/\/www.astriis.com\/en\/wp-json\/wp\/v2\/pages"}],"about":[{"href":"https:\/\/www.astriis.com\/en\/wp-json\/wp\/v2\/types\/page"}],"author":[{"embeddable":true,"href":"https:\/\/www.astriis.com\/en\/wp-json\/wp\/v2\/users\/1"}],"replies":[{"embeddable":true,"href":"https:\/\/www.astriis.com\/en\/wp-json\/wp\/v2\/comments?post=223531"}],"version-history":[{"count":1,"href":"https:\/\/www.astriis.com\/en\/wp-json\/wp\/v2\/pages\/223531\/revisions"}],"predecessor-version":[{"id":223532,"href":"https:\/\/www.astriis.com\/en\/wp-json\/wp\/v2\/pages\/223531\/revisions\/223532"}],"wp:featuredmedia":[{"embeddable":true,"href":"https:\/\/www.astriis.com\/en\/wp-json\/wp\/v2\/media\/223521"}],"wp:attachment":[{"href":"https:\/\/www.astriis.com\/en\/wp-json\/wp\/v2\/media?parent=223531"}],"curies":[{"name":"wp","href":"https:\/\/api.w.org\/{rel}","templated":true}]}}