{"id":223611,"date":"2025-12-19T15:06:27","date_gmt":"2025-12-19T14:06:27","guid":{"rendered":"https:\/\/www.astriis.com\/legal-notices\/"},"modified":"2026-03-24T16:34:57","modified_gmt":"2026-03-24T15:34:57","slug":"legal-notices","status":"publish","type":"page","link":"https:\/\/www.astriis.com\/en\/legal-notices\/","title":{"rendered":"Legal Notices"},"content":{"rendered":"<div class=\"et_pb_section_0 et_pb_section et_section_regular et_block_section preset--module--divi-section--81ba546c-dd92-4145-ab21-28dbff855d2a\">\r\n<div class=\"et_pb_row_0 et_pb_row et_block_row\">\r\n<div class=\"et_pb_column_0 et_pb_column et_pb_column_1_2 et_block_column et_pb_css_mix_blend_mode_passthrough\">\r\n<div class=\"et_pb_image_0 et_pb_image et_pb_module et_block_module preset--module--divi-image--b95b5fcd-6fe3-4627-a3db-d8f82a3bc917\"><span class=\"et_pb_image_wrap\"><img loading=\"lazy\" decoding=\"async\" src=\"https:\/\/www.astriis.com\/wp-content\/uploads\/2026\/01\/Astriis-075.jpeg\" width=\"1920\" height=\"1281\" srcset=\"https:\/\/www.astriis.com\/wp-content\/uploads\/2026\/01\/Astriis-075.jpeg 1920w, https:\/\/www.astriis.com\/wp-content\/uploads\/2026\/01\/Astriis-075-1280x854.jpeg 1280w, https:\/\/www.astriis.com\/wp-content\/uploads\/2026\/01\/Astriis-075-980x654.jpeg 980w, https:\/\/www.astriis.com\/wp-content\/uploads\/2026\/01\/Astriis-075-480x320.jpeg 480w\" sizes=\"(min-width: 0px) and (max-width: 480px) 480px, (min-width: 481px) and (max-width: 980px) 980px, (min-width: 981px) and (max-width: 1280px) 1280px, (min-width: 1281px) 1920px, 100vw\" class=\"wp-image-222859\" title=\"renewable-energy-13\" \/><\/span><\/div>\r\n<\/div>\r\n\r\n<div class=\"et_pb_column_1 et_pb_column et_pb_column_1_2 et-last-child et_block_column et_pb_css_mix_blend_mode_passthrough\">\r\n<div class=\"et_pb_heading_0 et_pb_heading et_pb_module et_block_module preset--module--divi-heading--c1253fe8-602a-4752-89bc-148a73740ac6\"><div class=\"et_pb_heading_container\"><h1 class=\"et_pb_module_header\">Legal Notices<\/h1><\/div><\/div>\r\n\r\n<div class=\"et_pb_text_0 et_pb_text et_pb_bg_layout_light et_pb_module et_block_module preset--module--divi-text--63c65a39-cd73-47c1-8fae-3feab7b7eb9e\"><div class=\"et_pb_text_inner\"><p>ASTRIIS SAS, with a share capital of \u20ac105,075.00, registered with the Trade and Companies Register (RCS) of Chamb\u00e9ry (73, Savoie, France) under number 911 904 597, and whose registered office is located at 7 rue du Mas Barral, Chamb\u00e9ry, France.<br \/>President: Nicolas Saubin. <\/p>\n<\/div><\/div>\r\n<\/div>\r\n<\/div>\r\n<\/div>\r\n\r\n<div class=\"et_pb_section_1 et_pb_section et_section_regular et_block_section\" id=\"1\">\r\n<div class=\"et_pb_row_1 et_pb_row et_block_row\">\r\n<div class=\"et_pb_column_2 et_pb_column et_pb_column_4_4 et-last-child et_block_column et_pb_css_mix_blend_mode_passthrough\">\r\n<div class=\"et_pb_text_1 et_pb_text et_pb_bg_layout_light et_pb_module et_block_module\"><div class=\"et_pb_text_inner\"><h2>LEGAL INFORMATION<\/h2>\n<p><strong>ASTRIIS<\/strong> \u2013 <br \/>SAS with capital of 134 669, 00\u20ac<br \/>RCS Chamb\u00e9ry \u2013 n\u00b0911 904 597 <br \/>Head office:7 Rue du Mas Barral, 73000 Chamb\u00e9ry, France<br \/>Publication director: Nicolas SAUBIN.<\/p>\n<p><strong>Directeur de publication :<\/strong> Monsieur Nicolas SAUBIN \u2013 <a href=\"mailto:contact@astriis.com\">contact@astriis.com<\/a><\/p>\n<p><strong>D\u00e9l\u00e9gu\u00e9 \u00e0 la protection des donn\u00e9es :<\/strong> Nicolas Saubin \u2013 <a href=\"mailto:contact@astriis.com\">contact@astriis.com<\/a><\/p>\n<p><strong>Host :<\/strong> OVH \u2013 SAS au capital de 50&nbsp;000&nbsp;000,00&nbsp;\u20ac \u2013 RCS Lille M\u00e9tropole n\u00b0&nbsp;424&nbsp;761&nbsp;419 \u2013 2 rue Kellermann, 59100 Roubaix<\/p>\n<p><strong>Agence de communication :<\/strong> L'Comunik \u2013 <a href=\"mailto:bienvenue@lcomunik.com\">bienvenue@lcomunik.com<\/a><br \/><strong>Photos :<\/strong> Utopikphoto<br \/><strong>Vid\u00e9o :<\/strong> Synaptyx<br \/><strong>Webmaster :<\/strong> Clicher Studio \u2013 <a href=\"mailto:info@clicher.eu\">info@clicher.eu<\/a><\/p>\n<h2>1 \u2013 Acc\u00e8s au site<\/h2>\n<p>Access to the URL <a href=\"https:\/\/www.astriis.com\">www.astriis.com <\/a>is free. <\/p>\n<p>Access and usage fees for the telecommunications network are the responsibility of every user of the site, according to the terms set by their internet providers and telecommunications operators. It is reminded that fraudulently accessing or remaining within an information system, obstructing or distorting the functioning of such a system, or fraudulently introducing or modifying data in an information system constitutes criminal offenses punishable by law.<\/p>\n<p>Users may report any inappropriate or illegal content to the following address: <a href=\"mailto:dpo@astriis.com\">dpo@astriis.com<\/a>. Please note that no questions regarding the products and services presented by ASTRIIS on this website will be answered at this address. <\/p>\n<p>It is reminded that the confidentiality of correspondence is not guaranteed on the Internet and that it is the responsibility of each Internet user to take all appropriate measures to protect their own data and\/or software from possible viruses circulating on the Internet<\/p>\n<h2>2- WEBSITE TERMS OF USE<\/h2>\n<p>L'utilisateur reconna\u00eet avoir pris connaissance des pr\u00e9sentes mentions et s'engage \u00e0 les respecter.<\/p>\n<p>The user acknowledges having read these terms and agrees to abide by them.<\/p>\n<p>The user acknowledges having the necessary skills and resources to access and use this website.<\/p>\n<p>The user agrees not to use the website<a href=\"https:\/\/www.astriis.com\"> www.astriis.com<\/a> in any way that could cause, or attempt to cause, an interruption of the website, attempt to gain unauthorized access to, or cause damage to the website.<\/p>\n<h2>3- SITE CONTENT - ASTRIIS LIABILITY<\/h2>\n<p>ASTRIIS strives to ensure the accuracy and timeliness of the information published on this site and reserves the right to modify its content or presentation at any time without prior notice. However, it cannot guarantee its completeness or that it has not been altered by a third party (intrusion, virus). <\/p>\n<p>Furthermore, ASTRIIS does not guarantee and will not be held liable in any way for the accuracy, absence of errors, truthfulness, timeliness, merchantability, quality, correctness, non-infringement, or availability of the information contained on this site.<\/p>\n<p>ASTRIIS disclaims all liability for any delays, errors, or omissions in the content of these pages, as well as for any interruption or unavailability of the service. <\/p>\n<p>Therefore, ASTRIIS shall not be held liable under any circumstances for any indirect damage whatsoever. ASTRIIS cannot be held liable for any decision made based on information contained on this site, nor for any use that may be made of it by third parties,and specifically disclaims all liability arising from the transmission of confidential information over the Internet.<\/p>\n<p>ASTRIIS cannot be held liable for elements beyond its control or for any damage that may be incurred by any user's technical environment, including but not limited to computers, software, network equipment (modems, telephones, etc.), and any hardware used to access or use the service and\/or information.<\/p>\n<p>Anyone wishing to obtain one of the services presented on the site should contact ASTRIIS to inquire about the availability of the service in question, as well as the applicable contractual terms and pricing.<\/p>\n<h2>4- PRIVACY POLICY<\/h2>\n<h3>4.1 \u2013 PERSONAL DATA<\/h3>\n<p>In general, you can visit astriis.com website without providing any Personal Data about yourself. In any case, you are under no obligation to disclose such Personal Data to ASTRIIS. <\/p>\n<p>However, access to certain services, features, or information offered may require you to provide your Personal Data. Otherwise, you may not be able to benefit from the services and features you have requested.<br \/>Therefore, ASTRIIS may, in certain cases, ask you to provide the following information: last name, first name, email address, telephone number, CV, or cover letter (hereinafter your \u201cPersonal Data\u201d). By providing this Personal Data, you expressly consent to its collection and processing by ASTRIIS for the purposes defined in section 4.1.1 below.  <\/p>\n<p>In accordance with the General Data Protection Regulation (GDPR) adopted by the European Parliament on April 14, 2016, and the French Data Protection Act of January 6, 1978, as amended, ASTRIIS informs you of the following:<\/p>\n<h4>4.1.1 \u2013 Responsable de traitement<\/h4>\n<p>The data controller is the company ASTRIIS having its registered office at 7 Rue du Mas Barral, 73000 Chamb\u00e9ry, France.<br \/>E-mail adress : <br \/> <a href=\"mailto:dpo@astriis.com\">dpo@astriis.com<\/a><\/p>\n<h4>4.1.2 \u2013 Finalit\u00e9s du traitement<\/h4>\n<p>ASTRIIS process your Personal Data for the following purposes:<\/p>\n<ul>\n<li>- To respond to your requests and inquiries,<\/li>\n<li>- To process and track your applications,<\/li>\n<li>Assurer la s\u00e9curit\u00e9 du site ;<\/li>\n<li>- To ensure website security,<\/li>\n<li>- To monitor and manage your rights under the GDPR.<\/li>\n<\/ul>\n<h4>4.1.3 - Recipient of Personal Data<\/h4>\n<p>ASTRIIS is the only recipient of your Personal Data. This data, whether in individual or aggregated form, will not be transmitted to third parties.<br \/>ASTRIIS does not sell or otherwise market any Personal Data.  <\/p>\n<h4>4.1.4 - Data Retention Period<\/h4>\n<p>Your Personal Data is retained by ASTRIIS only for the period necessary to fulfill the purposes for which it was collected, as indicated in section 4.1.2 above, and in any event for a maximum period of two years from the date of collection.<br \/>It is subsequently deleted. <\/p>\n<h4>4.1.5- Data Processing Rights and Freedoms<\/h4>\n<p>You have the following rights regarding your Personal Data, which you can exercise by writing to us at the addresses mentioned in 4.1.1.<\/p>\n<h4>4.1.5- Data Processing Rights and Freedoms<\/h4>\n<p>You have the following rights regarding your Personal Data, which you can exercise by writing to us at the addresses mentioned in 4.1.1.  <\/p>\n<h4>4.1.5.2 \u2013 Droit de rectification<\/h4>\n<p>Vous pouvez demander la rectification, la mise \u00e0 jour, le verrouillage ou l'effacement des Donn\u00e9es Personnelles vous concernant qui s'av\u00e8rent inexactes, erron\u00e9es, incompl\u00e8tes ou obsol\u00e8tes. Vous pouvez \u00e9galement d\u00e9finir des directives relatives au sort de vos donn\u00e9es apr\u00e8s votre d\u00e9c\u00e8s. <\/p>\n<h4>4.1.5.3 \u2013 Rights of Access to and Communication of Personal Data<\/h4>\n<p>You have the right to access the Personal Data collected about you by ASTRIIS.<\/p>\n<ul>\n<li>Lorsque l'exercice de ce droit est fond\u00e9 sur des motifs l\u00e9gitimes ;<\/li>\n<li>However, due to ASTRIIS's obligation to ensure the security and confidentiality of personal data processing, you are hereby informed that your request will be processed only upon proof of your identity, specifically by providing a copy of your valid identity document.<\/li>\n<\/ul>\n<h4>4.1.6 - Response Times<\/h4>\n<p>ASTRIIS undertakes to respond to your request for access, rectification, or objection, or any other request for additional information, within a reasonable timeframe, which shall not exceed one month from the date of receipt of your request.<\/p>\n<h4>4.1.7 - Complaint to the Competent Authority<\/h4>\n<p>If you believe that ASTRIIS is not complying with its obligations regarding your Personal Data, you may file a complaint or request with the competent authority. In France, the competent authority is the CNIL. <\/p>\n<h3>4.2 \u2013 Cookies<\/h3>\n<p>When you first connect to ASTRIIS website, a banner at the bottom of your screen informs you that information relating to your browsing activity may be stored in files called \"cookies.\" Our cookie policy helps you better understand the measures we implement regarding browsing on our website. It informs you in particular about all the cookies present on our website.<\/p>\n<p>ASTRIIS, as the publisher of this website, may place a cookie on the hard drive of your device (computer, tablet, mobile, etc.) to ensure smooth and optimal browsing on our website, and to allow us to understand the use and performance of our site and improve its operation. The information collected through cookies does not allow us to identify you personally in any way. <\/p>\n<p>None of this information is shared with third parties, except when ASTRIIS has obtained your prior consent or when disclosure is required by law, by court order, or by any administrative or judicial authority empowered to request it.<\/p>\n<p>ASTRIIS uses [define the cookies used and their purpose].<\/p>\n<h2>5 \u2013 Droits de propri\u00e9t\u00e9 intellectuelle<\/h2>\n<p>This entire site is subject to international legislation on copyright, trademark law and, in general, on intellectual property, with regard to each of the elements of its content (texts, images, data, drawings, graphics, photos and sound recordings...) as well as with regard to its form (choice, plan, arrangement of materials, means of accessing data, organization of data...). <\/p>\n<p>The content appearing on the pages of this site is the exclusive property of ASTRIIS.<br \/>The reproduction or representation, in whole or in part, of the pages, data and any other element constituting the site, by any process or medium whatsoever, is prohibited and constitutes without express and prior authorization of the publisher an infringement punishable under Articles L335-2 et seq. of the Intellectual Property Code.<\/p>\n<p>The brands ASTRIIS\u00ae, present on the site <a href=\"https:\/\/www.astriis.com\">www.astriis.com<\/a> and those of the company's partners, as well as the logos appearing on the site, are registered trademarks in France and internationally.<\/p>\n<p>Any total or partial reproduction of these trademarks or logos, made from elements of the site without the express prior authorization of ASTRIIS is therefore prohibited, within the meaning of article L713-2 of the Intellectual Property Code. <\/p>\n<p>Any total or partial reproduction of these trademarks or logos, made from elements of the site without the express prior authorization of ASTRIIS is therefore prohibited, within the meaning of article L713-2 of the Intellectual Property Code.<br \/>Similarly, any use of the site's content for illegal purposes will be subject to legal action against the offenders. <\/p>\n<p>By way of exception, certain content (texts, images) is the property of its respective authors.<br \/>Any reproduction, representation, distribution, or redistribution, in whole or in part, of the content of this site on any medium or by any means whatsoever, as well as any sale, resale, retransmission, or making available to third parties in any way whatsoever, is prohibited. Failure to comply with this prohibition constitutes copyright infringement and may result in civil and criminal penalties for the infringer.<\/p>\n<h2>6- APPLICABLE LAW<\/h2>\n<p>The content of this website is subject to French law.<\/p>\n<p>All users acknowledge the jurisdiction of the Commercial Court of Grenoble, France, for all matters relating to the content and use of this website or any legal action arising therefrom.<\/p>\n<\/div><\/div>\r\n<\/div>\r\n<\/div>\r\n<\/div>\r\n\r\n<div class=\"et_pb_section_2 et_pb_section et_section_regular et_flex_section\"><div class=\"et_pb_row_2 et_pb_row et_flex_row\"><div class=\"et_pb_column_3 et_pb_column et_flex_column et_pb_css_mix_blend_mode_passthrough et_flex_column_12_24 et_flex_column_12_24_tablet et_flex_column_24_24_phone\"><div class=\"et_pb_image_1 et_pb_image et_pb_module et_flex_module\"><span class=\"et_pb_image_wrap\"><img loading=\"lazy\" decoding=\"async\" src=\"https:\/\/www.astriis.com\/wp-content\/uploads\/2026\/01\/As-dot.svg\" title=\"As-dot\" width=\"0\" height=\"0\" srcset=\"https:\/\/www.astriis.com\/wp-content\/uploads\/2026\/01\/As-dot.svg 0w\" class=\"wp-image-141\" \/><\/span><\/div><div class=\"et_pb_blurb_0 et_pb_blurb et_pb_bg_layout_dark et_pb_blurb_position_top et_pb_module et_block_module preset--module--divi-blurb--379598c6-cb3b-4653-901a-29617516e486\"><div class=\"et_pb_blurb_content\"><div class=\"et_pb_blurb_container\"><h2 class=\"et_pb_module_header\">Would you like more information?<\/h2><div class=\"et_pb_blurb_description\"><p>Contact us about anything related to our company or services. <br \/>We'll do our best to get back to you as soon as possible.<\/p>\n<\/div><\/div><\/div><\/div><\/div><div class=\"et_pb_column_4 et_pb_column et-last-child et_flex_column et_pb_css_mix_blend_mode_passthrough et_flex_column_12_24 et_flex_column_12_24_tablet et_flex_column_24_24_phone\"><div class=\"et_pb_contact_form_0 et_pb_contact_form_container clearfix et_pb_module et_flex_module preset--module--divi-contact-form--default\" data-form_unique_num=\"0\" data-form_unique_id=\"699eb6f9-4793-4bde-901c-0f65c8166251\" id=\"et_pb_contact_form_699eb6f9-4793-4bde-901c-0f65c8166251\"><h3 class=\"et_pb_contact_main_title\">Contact form<\/h3><div class=\"et-pb-contact-message\"><\/div><div class=\"et_pb_contact\"><form class=\"et_pb_contact_form et_flex_module\" method=\"post\" action=\"https:\/\/www.astriis.com\/en\/wp-json\/wp\/v2\/pages\/223611\"><div class=\"et_pb_contact_field_0 et_pb_contact_field et_pb_module et_block_module et_flex_column_12_24 et_flex_column_12_24_tablet et_flex_column_12_24_phone\" data-id=\"nom\" data-type=\"input\"><label class=\"et_pb_contact_form_label\" for=\"et_pb_contact_0_nom_0\">Name *<\/label><input type=\"text\" name=\"et_pb_contact_0_nom_0\" id=\"et_pb_contact_0_nom_0\" class=\"input\" data-required_mark=\"required\" data-field_type=\"input\" data-original_id=\"nom\" placeholder=\"Name *\" title=\"\" value=\"\" \/><\/div><div class=\"et_pb_contact_field_1 et_pb_contact_field et_pb_module et_block_module et_flex_column_12_24 et_flex_column_12_24_tablet et_flex_column_12_24_phone\" data-id=\"soci\u00e9t\u00e9_2\" data-type=\"input\"><label class=\"et_pb_contact_form_label\" for=\"et_pb_contact_0_soci\u00e9t\u00e9_2_1\">Company *<\/label><input type=\"text\" name=\"et_pb_contact_0_soci\u00e9t\u00e9_2_1\" id=\"et_pb_contact_0_soci\u00e9t\u00e9_2_1\" class=\"input\" data-required_mark=\"required\" data-field_type=\"input\" data-original_id=\"soci\u00e9t\u00e9_2\" placeholder=\"Company *\" title=\"\" value=\"\" \/><\/div><div class=\"et_pb_contact_field_2 et_pb_contact_field et_pb_module et_block_module et_flex_column_12_24 et_flex_column_12_24_tablet et_flex_column_12_24_phone\" data-id=\"tel\" data-type=\"input\"><label class=\"et_pb_contact_form_label\" for=\"et_pb_contact_0_tel_2\">Phone Number * <\/label><input type=\"text\" name=\"et_pb_contact_0_tel_2\" id=\"et_pb_contact_0_tel_2\" class=\"input\" data-required_mark=\"required\" data-field_type=\"input\" data-original_id=\"tel\" placeholder=\"Phone Number * \" title=\"\" value=\"\" \/><\/div><div class=\"et_pb_contact_field_3 et_pb_contact_field et_pb_module et_flex_module et_flex_column_12_24 et_flex_column_12_24_tablet et_flex_column_12_24_phone\" data-id=\"email\" data-type=\"email\"><label class=\"et_pb_contact_form_label\" for=\"et_pb_contact_0_email_3\">EMail * <\/label><input type=\"text\" name=\"et_pb_contact_0_email_3\" id=\"et_pb_contact_0_email_3\" class=\"input\" data-required_mark=\"required\" data-field_type=\"email\" data-original_id=\"email\" placeholder=\"EMail * \" title=\"\" value=\"\" \/><\/div><div class=\"et_pb_contact_field_4 et_pb_contact_field et_pb_module et_flex_module et_flex_column_24_24 et_flex_column_24_24_tablet et_flex_column_24_24_phone\" data-id=\"message\" data-type=\"text\"><label class=\"et_pb_contact_form_label\" for=\"et_pb_contact_0_message_4\">Votre message<\/label><textarea name=\"et_pb_contact_0_message_4\" id=\"et_pb_contact_0_message_4\" class=\"et_pb_contact_message input\" data-required_mark=\"required\" data-field_type=\"text\" data-original_id=\"message\" placeholder=\"Votre message\"><\/textarea><\/div><div class=\"et_pb_contact_field_5 et_pb_contact_field et_pb_module et_flex_module et_flex_column_24_24 et_flex_column_24_24_tablet et_flex_column_24_24_phone\" data-id=\"rgpd\" data-type=\"checkbox\"><input type=\"hidden\" name=\"et_pb_contact_0_rgpd_5\" class=\"et_pb_checkbox_handle\" data-required_mark=\"not_required\" data-field_type=\"checkbox\" data-original_id=\"rgpd\" \/><span class=\"et_pb_contact_field_options_wrapper\"><span class=\"et_pb_contact_field_options_title\"><\/span><span class=\"et_pb_contact_field_options_list\"><span class=\"et_pb_contact_field_checkbox\"><input type=\"checkbox\" id=\"et_pb_contact_0_rgpd_5_0\" class=\"input\" value=\"En soumettant ce formulaire j&#039;accepte que les informations saisies soient exploit\u00e9es dans le cadre de la relation commerciale qui peut en d\u00e9couler. Les donn\u00e9es collect\u00e9es par ASTRIIS sont soumises au RGPD.\" data-required_mark=\"not_required\" data-field_type=\"checkbox\" data-original_id=\"rgpd\" \/><label for=\"et_pb_contact_0_rgpd_5_0\"><i><\/i>En soumettant ce formulaire j'accepte que les informations saisies soient exploit\u00e9es dans le cadre de la relation commerciale qui peut en d\u00e9couler. Les donn\u00e9es collect\u00e9es par ASTRIIS sont soumises au RGPD.<\/label><\/span><\/span><\/span><\/div><input type=\"hidden\" name=\"et_pb_contactform_submit_699eb6f9-4793-4bde-901c-0f65c8166251\" value=\"et_contact_proccess\" \/><div class=\"et_contact_bottom_container\"><div class=\"et_pb_button_wrapper\"><button type=\"submit\" name=\"et_builder_submit_button\" class=\"et_pb_button et_pb_contact_submit\">Send<\/button><\/div><\/div><input type=\"hidden\" id=\"_wpnonce-et-pb-contact-form-submitted-699eb6f9-4793-4bde-901c-0f65c8166251\" name=\"_wpnonce-et-pb-contact-form-submitted-699eb6f9-4793-4bde-901c-0f65c8166251\" value=\"57e8f82083\" \/><input type=\"hidden\" name=\"_wp_http_referer\" value=\"\/en\/wp-json\/wp\/v2\/pages\/223611\" \/><\/form><\/div><\/div><\/div><\/div><\/div>","protected":false},"excerpt":{"rendered":"<p>ASTRIIS SAS, with a share capital of \u20ac105,075.00, registered with the Trade and Companies Register (RCS) of Chamb\u00e9ry (73, Savoie, France) under number 911 904 597, and whose registered office is located at 7 rue du Mas Barral, Chamb\u00e9ry, France.<br \/>President: Nicolas Saubin. <\/p>\n","protected":false},"author":1,"featured_media":223519,"parent":0,"menu_order":0,"comment_status":"closed","ping_status":"open","template":"","meta":{"_et_pb_use_builder":"on","_et_pb_old_content":"","_et_gb_content_width":"","inline_featured_image":false,"footnotes":""},"class_list":["post-223611","page","type-page","status-publish","has-post-thumbnail","hentry"],"_links":{"self":[{"href":"https:\/\/www.astriis.com\/en\/wp-json\/wp\/v2\/pages\/223611","targetHints":{"allow":["GET"]}}],"collection":[{"href":"https:\/\/www.astriis.com\/en\/wp-json\/wp\/v2\/pages"}],"about":[{"href":"https:\/\/www.astriis.com\/en\/wp-json\/wp\/v2\/types\/page"}],"author":[{"embeddable":true,"href":"https:\/\/www.astriis.com\/en\/wp-json\/wp\/v2\/users\/1"}],"replies":[{"embeddable":true,"href":"https:\/\/www.astriis.com\/en\/wp-json\/wp\/v2\/comments?post=223611"}],"version-history":[{"count":1,"href":"https:\/\/www.astriis.com\/en\/wp-json\/wp\/v2\/pages\/223611\/revisions"}],"predecessor-version":[{"id":223612,"href":"https:\/\/www.astriis.com\/en\/wp-json\/wp\/v2\/pages\/223611\/revisions\/223612"}],"wp:featuredmedia":[{"embeddable":true,"href":"https:\/\/www.astriis.com\/en\/wp-json\/wp\/v2\/media\/223519"}],"wp:attachment":[{"href":"https:\/\/www.astriis.com\/en\/wp-json\/wp\/v2\/media?parent=223611"}],"curies":[{"name":"wp","href":"https:\/\/api.w.org\/{rel}","templated":true}]}}